{"id":913,"date":"2025-09-01T22:11:59","date_gmt":"2025-09-01T20:11:59","guid":{"rendered":"https:\/\/wroclawskamanufaktura.pl\/?page_id=913"},"modified":"2026-02-05T13:53:32","modified_gmt":"2026-02-05T12:53:32","slug":"jakub-korkiewicz","status":"publish","type":"page","link":"https:\/\/wroclawskamanufaktura.pl\/index.php\/jakub-korkiewicz\/","title":{"rendered":"Jakub Korkiewicz"},"content":{"rendered":"\n<p>Cze\u015b\u0107, mam na imi\u0119 Kuba!<\/p>\n\n\n\n<p>Na co dzie\u0144 w du\u017cej mierze pracuj\u0119 ze sportowcami. Poza gabinetem spotka\u0107 mnie mo\u017cna tak\u017ce na meczach pi\u0142ki no\u017cnej \u015al\u0105ska Wroc\u0142aw, gdzie pracuj\u0119 jako fizjoterapeuta dru\u017cyny rezerw. Co jaki\u015b czas &nbsp;wyje\u017cd\u017cam na zgrupowania M\u0142odzie\u017cowych Reprezentacji&nbsp; Polski w pi\u0142ce no\u017cnej (U16 oraz Talent Pro). To w\u0142a\u015bnie sport pom\u00f3g\u0142 mi odkry\u0107, jak wiele rado\u015bci sprawia mi praca z drugim cz\u0142owiekiem. Sport, jak i \u017cycie codzienne dostarcza nam sporej dawki emocji i do\u015bwiadcze\u0144- nie zawsze pozytywnych. Cz\u0119sto uszczerbkom na zdrowiu fizycznym towarzysz\u0105 trudno\u015bci emocjonalne. Czasami jednak trudno\u015bci dostarcza \u015bwiat, kt\u00f3ry nas otacza. Integracja odczu\u0107 wewn\u0119trznych, fizycznych oraz tego co dooko\u0142a nas pozwala zrozumie\u0107 siebie i u\u0142atwi\u0107 funkcjonowanie na co dzie\u0144. W powrocie do pe\u0142nej sprawno\u015bci warto zwr\u00f3ci\u0107 uwag\u0119 na wszystkie te aspekty. W swojej pracy staram si\u0119 uwzgl\u0119dnia\u0107 wszystkie te sk\u0142adowe, tak aby jak najbardziej efektywnie m\u00f3c pomaga\u0107 podopiecznym oraz pacjentom.<br>W gabinecie wykorzystuj\u0119 techniki manualne, pinoterapi\u0119 , ig\u0142oterapi\u0119 oraz hirudoterapi\u0119. Cz\u0119sto si\u0119gam po techniki elementarne z terapii czaszkowo-krzy\u017cowej, a tak\u017ce bioenergoterapii.<\/p>\n\n\n\n<a id=\"zl-url\" class=\"zl-url\" href=\"https:\/\/www.znanylekarz.pl\/jakub-korkiewicz\/fizjoterapeuta\/wroclaw\" rel=\"nofollow\" data-zlw-doctor=\"jakub-korkiewicz\" data-zlw-type=\"big_with_calendar\" data-zlw-opinion=\"false\" data-zlw-hide-branding=\"true\" data-zlw-saas-only=\"true\" data-zlw-a11y-title=\"Widget um\u00f3wienia wizyty lekarskiej\">Jakub Korkiewicz &#8211; ZnanyLekarz.pl<\/a><script>!function($_x,_s,id){var js,fjs=$_x.getElementsByTagName(_s)[0];if(!$_x.getElementById(id)){js = $_x.createElement(_s);js.id = id;js.src = \"\/\/platform.docplanner.com\/js\/widget.js\";fjs.parentNode.insertBefore(js,fjs);}}(document,\"script\",\"zl-widget-s\");<\/script>\n","protected":false},"excerpt":{"rendered":"<p>Cze\u015b\u0107, mam na imi\u0119 Kuba! Na co dzie\u0144 w du\u017cej mierze pracuj\u0119 ze sportowcami. Poza gabinetem spotka\u0107 mnie mo\u017cna tak\u017ce na meczach pi\u0142ki no\u017cnej \u015al\u0105ska Wroc\u0142aw, gdzie pracuj\u0119 jako fizjoterapeuta dru\u017cyny rezerw. Co jaki\u015b czas &nbsp;wyje\u017cd\u017cam na zgrupowania M\u0142odzie\u017cowych Reprezentacji&nbsp; [&hellip;]<\/p>\n","protected":false},"author":2,"featured_media":916,"parent":0,"menu_order":5,"comment_status":"closed","ping_status":"closed","template":"page-templates\/single-employee.php","meta":{"om_disable_all_campaigns":false,"_monsterinsights_skip_tracking":false,"_monsterinsights_sitenote_active":false,"_monsterinsights_sitenote_note":"","_monsterinsights_sitenote_category":0,"_uf_show_specific_survey":0,"_uf_disable_surveys":false,"footnotes":""},"class_list":["post-913","page","type-page","status-publish","has-post-thumbnail","hentry","clearfix"],"aioseo_notices":[],"_links":{"self":[{"href":"https:\/\/wroclawskamanufaktura.pl\/index.php\/wp-json\/wp\/v2\/pages\/913","targetHints":{"allow":["GET"]}}],"collection":[{"href":"https:\/\/wroclawskamanufaktura.pl\/index.php\/wp-json\/wp\/v2\/pages"}],"about":[{"href":"https:\/\/wroclawskamanufaktura.pl\/index.php\/wp-json\/wp\/v2\/types\/page"}],"author":[{"embeddable":true,"href":"https:\/\/wroclawskamanufaktura.pl\/index.php\/wp-json\/wp\/v2\/users\/2"}],"replies":[{"embeddable":true,"href":"https:\/\/wroclawskamanufaktura.pl\/index.php\/wp-json\/wp\/v2\/comments?post=913"}],"version-history":[{"count":2,"href":"https:\/\/wroclawskamanufaktura.pl\/index.php\/wp-json\/wp\/v2\/pages\/913\/revisions"}],"predecessor-version":[{"id":1089,"href":"https:\/\/wroclawskamanufaktura.pl\/index.php\/wp-json\/wp\/v2\/pages\/913\/revisions\/1089"}],"wp:featuredmedia":[{"embeddable":true,"href":"https:\/\/wroclawskamanufaktura.pl\/index.php\/wp-json\/wp\/v2\/media\/916"}],"wp:attachment":[{"href":"https:\/\/wroclawskamanufaktura.pl\/index.php\/wp-json\/wp\/v2\/media?parent=913"}],"curies":[{"name":"wp","href":"https:\/\/api.w.org\/{rel}","templated":true}]}}