{"id":761,"date":"2023-11-04T21:34:22","date_gmt":"2023-11-04T20:34:22","guid":{"rendered":"http:\/\/wroclawskamanufaktura.pl\/?page_id=761"},"modified":"2026-02-05T13:51:56","modified_gmt":"2026-02-05T12:51:56","slug":"suche-iglowanie","status":"publish","type":"page","link":"https:\/\/wroclawskamanufaktura.pl\/index.php\/suche-iglowanie\/","title":{"rendered":"SUCHE IG\u0141OWANIE"},"content":{"rendered":"<p>Suche Ig\u0142owanie (tzw. DN) polega na stymulacji dysfunkcyjnych obszar\u00f3w mi\u0119\u015bnia i tkanki \u0142\u0105cznej ig\u0142\u0105 akupunkturow\u0105.<\/p>\n<p>Ig\u0142a stymuluje m.in. mi\u0119\u015bnie, wi\u0119zad\u0142a i inne struktury oraz wywo\u0142uje w nich szereg reakcji, kt\u00f3re to maj\u0105 na celu zmniejszy\u0107 dolegliwo\u015bci czy poprawi\u0107 zakres ruchu i stan funkcjonalny pacjenta.<br \/>Zabieg suchego ig\u0142owania polega na bezpo\u015bredniej pracy na tkankach le\u017c\u0105cych poza zasi\u0119giem innych narz\u0119dzi czy r\u0105k, st\u0105d jego niezast\u0105pione dzia\u0142anie terapeutyczne.<\/p>\n<p>Technika suchego ig\u0142owania mo\u017ce by\u0107 stosowana jako samodzielna metoda lub by\u0107 uzupe\u0142nieniem innych, np. terapii manualnej czy \u0107wicze\u0144\/treningu.<\/p>\n<p>Spektrum dolegliwo\u015bci, z kt\u00f3rymi mo\u017cemy pracowa\u0107 ig\u0142ami jest bardzo szerokie:<br \/>&#8211; b\u00f3le plec\u00f3w r\u00f3\u017cnego pochodzenia<br \/>&#8211; b\u00f3le g\u0142owy i migreny<br \/>&#8211; b\u00f3le staw\u00f3w (\u201e\u0142okie\u0107 tenisisty\u201d, \u201e\u0142okie\u0107 golfisty\u201d, \u201ezamro\u017cony bark\u201d, \u201ekolano skoczka\u201d, \u201ekolano biegacza\u201d i inne)<br \/>&#8211; stany pourazowe (skr\u0119cenie stawu skokowego, naderwania mi\u0119\u015bni itp.)<br \/>&#8211; blizny<br \/>&#8211; mrowienia, dr\u0119twienia, os\u0142abienie czucia w ko\u0144czynach<br \/>&#8211; stany poudarowe<br \/>&#8211; i jeszcze\u00a0wiele\u00a0innych&#8230;<\/p>\n<p><strong>Wkonuj\u0105:<\/strong><\/p>\n<ul>\n<li style=\"list-style-type: none\">\n<ul>\n<li><a href=\"https:\/\/wroclawskamanufaktura.pl\/index.php\/jacek-dabrowski\/\">Jacek D\u0105browski<\/a><\/li>\n<li><a href=\"https:\/\/wroclawskamanufaktura.pl\/index.php\/szamanka\/\">Agnieszka Sanecka-D\u0105browska<\/a><\/li>\n<li><a href=\"https:\/\/wroclawskamanufaktura.pl\/index.php\/patryk-cieslar\/\">Patryk Cie\u015blar<\/a><\/li>\n<li><a href=\"https:\/\/wroclawskamanufaktura.pl\/index.php\/jakub-korkiewicz\/\">Jakub Korkiewicz<\/a><\/li>\n<\/ul>\n<\/li>\n<\/ul>\n\n\n<p><\/p>\n","protected":false},"excerpt":{"rendered":"<p>Suche Ig\u0142owanie (tzw. DN) polega na stymulacji dysfunkcyjnych obszar\u00f3w mi\u0119\u015bnia i tkanki \u0142\u0105cznej ig\u0142\u0105 akupunkturow\u0105. Ig\u0142a stymuluje m.in. mi\u0119\u015bnie, wi\u0119zad\u0142a i inne struktury oraz wywo\u0142uje w nich szereg reakcji, kt\u00f3re to maj\u0105 na celu zmniejszy\u0107 dolegliwo\u015bci czy poprawi\u0107 zakres ruchu [&hellip;]<\/p>\n","protected":false},"author":2,"featured_media":762,"parent":0,"menu_order":3,"comment_status":"closed","ping_status":"closed","template":"page-templates\/single-service.php","meta":{"om_disable_all_campaigns":false,"_monsterinsights_skip_tracking":false,"_monsterinsights_sitenote_active":false,"_monsterinsights_sitenote_note":"","_monsterinsights_sitenote_category":0,"_uf_show_specific_survey":0,"_uf_disable_surveys":false,"footnotes":""},"class_list":["post-761","page","type-page","status-publish","has-post-thumbnail","hentry","clearfix"],"aioseo_notices":[],"_links":{"self":[{"href":"https:\/\/wroclawskamanufaktura.pl\/index.php\/wp-json\/wp\/v2\/pages\/761","targetHints":{"allow":["GET"]}}],"collection":[{"href":"https:\/\/wroclawskamanufaktura.pl\/index.php\/wp-json\/wp\/v2\/pages"}],"about":[{"href":"https:\/\/wroclawskamanufaktura.pl\/index.php\/wp-json\/wp\/v2\/types\/page"}],"author":[{"embeddable":true,"href":"https:\/\/wroclawskamanufaktura.pl\/index.php\/wp-json\/wp\/v2\/users\/2"}],"replies":[{"embeddable":true,"href":"https:\/\/wroclawskamanufaktura.pl\/index.php\/wp-json\/wp\/v2\/comments?post=761"}],"version-history":[{"count":3,"href":"https:\/\/wroclawskamanufaktura.pl\/index.php\/wp-json\/wp\/v2\/pages\/761\/revisions"}],"predecessor-version":[{"id":925,"href":"https:\/\/wroclawskamanufaktura.pl\/index.php\/wp-json\/wp\/v2\/pages\/761\/revisions\/925"}],"wp:featuredmedia":[{"embeddable":true,"href":"https:\/\/wroclawskamanufaktura.pl\/index.php\/wp-json\/wp\/v2\/media\/762"}],"wp:attachment":[{"href":"https:\/\/wroclawskamanufaktura.pl\/index.php\/wp-json\/wp\/v2\/media?parent=761"}],"curies":[{"name":"wp","href":"https:\/\/api.w.org\/{rel}","templated":true}]}}