{"id":748,"date":"2023-11-04T20:34:13","date_gmt":"2023-11-04T19:34:13","guid":{"rendered":"http:\/\/wroclawskamanufaktura.pl\/?page_id=748"},"modified":"2026-02-05T13:54:00","modified_gmt":"2026-02-05T12:54:00","slug":"agnieszka-janowska","status":"publish","type":"page","link":"https:\/\/wroclawskamanufaktura.pl\/index.php\/agnieszka-janowska\/","title":{"rendered":"Agnieszka Janowska"},"content":{"rendered":"<p>Mam na imi\u0119 Agnieszka, cho\u0107 m\u00f3wi\u0105 na mnie r\u00f3\u017cnie: Didi, Irka czy Kud\u0142ata.<\/p>\n<p>Przesz\u0142am d\u0142ug\u0105 drog\u0119, by by\u0107 w miejscu, w kt\u00f3rym jestem. I mam poczucie, \u017ce znajduje si\u0119 u siebie, robi\u0119 to co jest moje i \u017cyj\u0119 w zgodzie ze swoim sercem. Pracuj\u0119 jako terapeutka w nurcie transpersonalnym, wcale nie po to by pomaga\u0107 innym ludziom, ale po to, by pokaza\u0107, \u017ce jest mn\u00f3stwo r\u00f3\u017cnych dr\u00f3g i \u015bwietnie si\u0119 \u017cyje znajduj\u0105c swoj\u0105, i \u017ce r\u00f3\u017cne tricki naszego umys\u0142u nie koniecznie w tym pomagaj\u0105.<br \/>\nNa sta\u0142e przyjmuj\u0119 w Warszawie i klika dni w miesi\u0105cu we Wroc\u0142awskiej Manufakturze Zdrowia.<br \/>\nZapraszam!<\/p>\n<p>Zapisy pod numerem telefonu: 600 097 480<br \/>\nWi\u0119cej o nurcie transpersonalnym:<br \/>\n<a href=\"http:\/\/www.upraszczanie.pl\" target=\"_blank\" rel=\"noopener\"><strong>www.upraszczanie.pl<\/strong><\/a><\/p>\n","protected":false},"excerpt":{"rendered":"<p>Mam na imi\u0119 Agnieszka, cho\u0107 m\u00f3wi\u0105 na mnie r\u00f3\u017cnie: Didi, Irka czy Kud\u0142ata. Przesz\u0142am d\u0142ug\u0105 drog\u0119, by by\u0107 w miejscu, w kt\u00f3rym jestem. I mam poczucie, \u017ce znajduje si\u0119 u siebie, robi\u0119 to co jest moje i \u017cyj\u0119 w zgodzie [&hellip;]<\/p>\n","protected":false},"author":2,"featured_media":749,"parent":0,"menu_order":8,"comment_status":"closed","ping_status":"closed","template":"page-templates\/single-employee.php","meta":{"om_disable_all_campaigns":false,"_monsterinsights_skip_tracking":false,"_monsterinsights_sitenote_active":false,"_monsterinsights_sitenote_note":"","_monsterinsights_sitenote_category":0,"_uf_show_specific_survey":0,"_uf_disable_surveys":false,"footnotes":""},"class_list":["post-748","page","type-page","status-publish","has-post-thumbnail","hentry","clearfix"],"aioseo_notices":[],"_links":{"self":[{"href":"https:\/\/wroclawskamanufaktura.pl\/index.php\/wp-json\/wp\/v2\/pages\/748","targetHints":{"allow":["GET"]}}],"collection":[{"href":"https:\/\/wroclawskamanufaktura.pl\/index.php\/wp-json\/wp\/v2\/pages"}],"about":[{"href":"https:\/\/wroclawskamanufaktura.pl\/index.php\/wp-json\/wp\/v2\/types\/page"}],"author":[{"embeddable":true,"href":"https:\/\/wroclawskamanufaktura.pl\/index.php\/wp-json\/wp\/v2\/users\/2"}],"replies":[{"embeddable":true,"href":"https:\/\/wroclawskamanufaktura.pl\/index.php\/wp-json\/wp\/v2\/comments?post=748"}],"version-history":[{"count":3,"href":"https:\/\/wroclawskamanufaktura.pl\/index.php\/wp-json\/wp\/v2\/pages\/748\/revisions"}],"predecessor-version":[{"id":800,"href":"https:\/\/wroclawskamanufaktura.pl\/index.php\/wp-json\/wp\/v2\/pages\/748\/revisions\/800"}],"wp:featuredmedia":[{"embeddable":true,"href":"https:\/\/wroclawskamanufaktura.pl\/index.php\/wp-json\/wp\/v2\/media\/749"}],"wp:attachment":[{"href":"https:\/\/wroclawskamanufaktura.pl\/index.php\/wp-json\/wp\/v2\/media?parent=748"}],"curies":[{"name":"wp","href":"https:\/\/api.w.org\/{rel}","templated":true}]}}