{"id":714,"date":"2023-11-04T19:20:13","date_gmt":"2023-11-04T18:20:13","guid":{"rendered":"http:\/\/wroclawskamanufaktura.pl\/?page_id=714"},"modified":"2026-02-05T13:54:07","modified_gmt":"2026-02-05T12:54:07","slug":"kobido","status":"publish","type":"page","link":"https:\/\/wroclawskamanufaktura.pl\/index.php\/kobido\/","title":{"rendered":"KOBIDO Z TAPINGIEM"},"content":{"rendered":"<p>Jedno z poda\u0144 m\u00f3wi, \u017ce w XV wieku w Japonii powsta\u0142 Dom Kobido za\u0142o\u017cony przez mistrz\u00f3w masa\u017cu, aby spe\u0142ni\u0107 marzenie cesarzowej Japonii o wiecznej m\u0142odo\u015bci. Obecnie KOBIDO uznawane jest za ,, niechirurgiczny lifting twarzy \u2018\u2019, w kt\u00f3rym d\u0142onie masa\u017cysty zast\u0119puj\u0105 skalpel. Masa\u017c tkanek g\u0142\u0119bokich twarzy, szyi oraz dekoltu pozwala na uj\u0119drnienie, wzmocnienie oraz od\u017cywienie sk\u00f3ry.<br \/>\nZabieg rozpoczyna si\u0119 demakija\u017cem, po kt\u00f3rym nast\u0119puj\u0105 kolejne etapy masa\u017cu, maj\u0105ce na celu popraw\u0119 kr\u0105\u017cenia krwi i limfy , stymulacj\u0119 mi\u0119\u015bni i popraw\u0119 elastyczno\u015bci sk\u00f3ry. Pierwszym etapem techniki Kobido jest rozlu\u017anienie mi\u0119\u015bni poprzez delikatny i powolny masa\u017c twarzy, szyi i karku. W kolejnych etapach techniki dobierane s\u0105 indywidualnie do potrzeb klienta, skupiaj\u0105c si\u0119 na modelowaniu twarzy, rozprostowywaniu zmarszczek lub odpr\u0119\u017caniu napi\u0119tych mi\u0119\u015bni. Masa\u017c ten ko\u0144cz\u0105 lifting oraz drena\u017c limfatyczny. Masa\u017c Kobido daje widoczne efekty po kilku zabiegach, przyczyniaj\u0105c si\u0119 r\u00f3wnocze\u015bnie do odpr\u0119\u017cenia ca\u0142ego cia\u0142a. Terapia ta polecana jest przede wszystkim osobom z dojrza\u0142\u0105, wiotk\u0105 sk\u00f3r\u0105 a tak\u017ce tym, kt\u00f3rzy odczuwaj\u0105 dolegliwo\u015bci zwi\u0105zane z nadmiernym napi\u0119ciem okolic szyi, \u017cuchwy i bark\u00f3w.<\/p>\n<p><strong>Wykonuj\u0105:<\/strong><\/p>\n<ul>\n<li><a href=\"https:\/\/wroclawskamanufaktura.pl\/index.php\/anna-tuszynska\/\">Anna Tuszy\u0144ska<\/a><\/li>\n<\/ul>\n","protected":false},"excerpt":{"rendered":"<p>Jedno z poda\u0144 m\u00f3wi, \u017ce w XV wieku w Japonii powsta\u0142 Dom Kobido za\u0142o\u017cony przez mistrz\u00f3w masa\u017cu, aby spe\u0142ni\u0107 marzenie cesarzowej Japonii o wiecznej m\u0142odo\u015bci. Obecnie KOBIDO uznawane jest za ,, niechirurgiczny lifting twarzy \u2018\u2019, w kt\u00f3rym d\u0142onie masa\u017cysty zast\u0119puj\u0105 [&hellip;]<\/p>\n","protected":false},"author":2,"featured_media":715,"parent":0,"menu_order":9,"comment_status":"closed","ping_status":"closed","template":"page-templates\/single-service.php","meta":{"om_disable_all_campaigns":false,"_monsterinsights_skip_tracking":false,"_monsterinsights_sitenote_active":false,"_monsterinsights_sitenote_note":"","_monsterinsights_sitenote_category":0,"_uf_show_specific_survey":0,"_uf_disable_surveys":false,"footnotes":""},"class_list":["post-714","page","type-page","status-publish","has-post-thumbnail","hentry","clearfix"],"aioseo_notices":[],"_links":{"self":[{"href":"https:\/\/wroclawskamanufaktura.pl\/index.php\/wp-json\/wp\/v2\/pages\/714","targetHints":{"allow":["GET"]}}],"collection":[{"href":"https:\/\/wroclawskamanufaktura.pl\/index.php\/wp-json\/wp\/v2\/pages"}],"about":[{"href":"https:\/\/wroclawskamanufaktura.pl\/index.php\/wp-json\/wp\/v2\/types\/page"}],"author":[{"embeddable":true,"href":"https:\/\/wroclawskamanufaktura.pl\/index.php\/wp-json\/wp\/v2\/users\/2"}],"replies":[{"embeddable":true,"href":"https:\/\/wroclawskamanufaktura.pl\/index.php\/wp-json\/wp\/v2\/comments?post=714"}],"version-history":[{"count":3,"href":"https:\/\/wroclawskamanufaktura.pl\/index.php\/wp-json\/wp\/v2\/pages\/714\/revisions"}],"predecessor-version":[{"id":803,"href":"https:\/\/wroclawskamanufaktura.pl\/index.php\/wp-json\/wp\/v2\/pages\/714\/revisions\/803"}],"wp:featuredmedia":[{"embeddable":true,"href":"https:\/\/wroclawskamanufaktura.pl\/index.php\/wp-json\/wp\/v2\/media\/715"}],"wp:attachment":[{"href":"https:\/\/wroclawskamanufaktura.pl\/index.php\/wp-json\/wp\/v2\/media?parent=714"}],"curies":[{"name":"wp","href":"https:\/\/api.w.org\/{rel}","templated":true}]}}