{"id":453,"date":"2018-01-30T10:10:55","date_gmt":"2018-01-30T09:10:55","guid":{"rendered":"http:\/\/manufaktura.interapp.pl\/?page_id=453"},"modified":"2026-02-05T13:53:45","modified_gmt":"2026-02-05T12:53:45","slug":"staroslowianski-masaz-brzucha","status":"publish","type":"page","link":"https:\/\/wroclawskamanufaktura.pl\/index.php\/staroslowianski-masaz-brzucha\/","title":{"rendered":"STAROS\u0141OWIA\u0143SKI MASA\u017b BRZUCHA"},"content":{"rendered":"<p>Staros\u0142owia\u0144ski masa\u017c brzucha to terapia narz\u0105d\u00f3w jamy brzusznej ( terapia wisceralna ) maj\u0105ca na<br \/>celu zwalczanie dysfunkcji w ich obr\u0119bie. Masa\u017c tkanek g\u0142\u0119bokich pozwala na rozlu\u017anienie mi\u0119\u015bni<br \/>g\u0142adkich narz\u0105d\u00f3w wewn\u0119trznych, popraw\u0119 cyrkulacji p\u0142yn\u00f3w ustrojowych ( krwi i limfy ),<br \/>rozlu\u017anienie krezek oraz napi\u0119\u0107 pomi\u0119dzy narz\u0105dami a kr\u0119gos\u0142upem. Efekty terapii wisceralnej<br \/>widoczne s\u0105 w poprawie kondycji ca\u0142ego organizmu a przede wszystkim jamy brzusznej.<\/p>\n<p><strong>Wykonuj\u0105:<\/strong><\/p>\n<ul>\n<li><a href=\"https:\/\/wroclawskamanufaktura.pl\/index.php\/jacek-dabrowski\/\">Jacek D\u0105browski<\/a><\/li>\n<li><a href=\"https:\/\/wroclawskamanufaktura.pl\/index.php\/szamanka\/\">Agnieszka Sanecka-D\u0105browska<\/a><\/li>\n<li><a href=\"https:\/\/wroclawskamanufaktura.pl\/index.php\/patryk-cieslar\/\">Patryk Cie\u015blar<\/a><\/li>\n<li><a href=\"https:\/\/wroclawskamanufaktura.pl\/index.php\/michal-jamrozinski\/\">Micha\u0142 Jamrozi\u0144ski<\/a><\/li>\n<\/ul>\n\n\n<p><\/p>\n","protected":false},"excerpt":{"rendered":"<p>Staros\u0142owia\u0144ski masa\u017c brzucha to terapia narz\u0105d\u00f3w jamy brzusznej ( terapia wisceralna ) maj\u0105ca nacelu zwalczanie dysfunkcji w ich obr\u0119bie. Masa\u017c tkanek g\u0142\u0119bokich pozwala na rozlu\u017anienie mi\u0119\u015bnig\u0142adkich narz\u0105d\u00f3w wewn\u0119trznych, popraw\u0119 cyrkulacji p\u0142yn\u00f3w ustrojowych ( krwi i limfy ),rozlu\u017anienie krezek oraz napi\u0119\u0107 [&hellip;]<\/p>\n","protected":false},"author":1,"featured_media":694,"parent":0,"menu_order":6,"comment_status":"closed","ping_status":"closed","template":"page-templates\/single-service.php","meta":{"om_disable_all_campaigns":false,"_monsterinsights_skip_tracking":false,"_monsterinsights_sitenote_active":false,"_monsterinsights_sitenote_note":"","_monsterinsights_sitenote_category":0,"_uf_show_specific_survey":0,"_uf_disable_surveys":false,"footnotes":""},"class_list":["post-453","page","type-page","status-publish","has-post-thumbnail","hentry","clearfix"],"aioseo_notices":[],"_links":{"self":[{"href":"https:\/\/wroclawskamanufaktura.pl\/index.php\/wp-json\/wp\/v2\/pages\/453","targetHints":{"allow":["GET"]}}],"collection":[{"href":"https:\/\/wroclawskamanufaktura.pl\/index.php\/wp-json\/wp\/v2\/pages"}],"about":[{"href":"https:\/\/wroclawskamanufaktura.pl\/index.php\/wp-json\/wp\/v2\/types\/page"}],"author":[{"embeddable":true,"href":"https:\/\/wroclawskamanufaktura.pl\/index.php\/wp-json\/wp\/v2\/users\/1"}],"replies":[{"embeddable":true,"href":"https:\/\/wroclawskamanufaktura.pl\/index.php\/wp-json\/wp\/v2\/comments?post=453"}],"version-history":[{"count":6,"href":"https:\/\/wroclawskamanufaktura.pl\/index.php\/wp-json\/wp\/v2\/pages\/453\/revisions"}],"predecessor-version":[{"id":928,"href":"https:\/\/wroclawskamanufaktura.pl\/index.php\/wp-json\/wp\/v2\/pages\/453\/revisions\/928"}],"wp:featuredmedia":[{"embeddable":true,"href":"https:\/\/wroclawskamanufaktura.pl\/index.php\/wp-json\/wp\/v2\/media\/694"}],"wp:attachment":[{"href":"https:\/\/wroclawskamanufaktura.pl\/index.php\/wp-json\/wp\/v2\/media?parent=453"}],"curies":[{"name":"wp","href":"https:\/\/api.w.org\/{rel}","templated":true}]}}