{"id":451,"date":"2018-01-30T10:10:40","date_gmt":"2018-01-30T09:10:40","guid":{"rendered":"http:\/\/manufaktura.interapp.pl\/?page_id=451"},"modified":"2026-02-05T13:52:27","modified_gmt":"2026-02-05T12:52:27","slug":"hirudoterapia","status":"publish","type":"page","link":"https:\/\/wroclawskamanufaktura.pl\/index.php\/hirudoterapia\/","title":{"rendered":"HIRUDOTERAPIA"},"content":{"rendered":"<p>Hirudoterapia to wykorzystywanie wydzielin z gruczo\u0142\u00f3w pijawek lekarskich, o miejscowym oraz<br \/>og\u00f3lnoustrojowym dzia\u0142aniu leczniczym. Mo\u017ce by\u0107 skuteczn\u0105 pomoc\u0105 w codziennych problemach ze<br \/>zdrowiem. Wspomaga leczenie chor\u00f3b uk\u0142adu kr\u0105\u017cenia, oddechowego, pokarmowego, moczowego<br \/>oraz kostno-stawowego. Hirudyna, b\u0119d\u0105ca wydzielin\u0105 pochodz\u0105c\u0105 z gruczo\u0142\u00f3w pijawki lekarskiej, jest<br \/>bia\u0142kiem o dzia\u0142aniu przeciwkrzepliwym. Dzi\u0119ki swoim w\u0142a\u015bciwo\u015bciom poprawia mi\u0119dzy innymi<br \/>kr\u0105\u017cenie krwi, zmniejsza obrz\u0119ki i dzia\u0142a przeciwb\u00f3lowo. Szeroki zakres stosowania terapii pijawkowej<\/p>\n<p>wspiera prac\u0119 z problemami neurologicznymi, dermatologicznymi oraz psychosomatycznymi. Pijawki<br \/>lekarskie wykorzystywane przez nas do cel\u00f3w terapeutycznych pochodz\u0105 z prywatnych i<br \/>certyfikowanych hodowli. Punkty przystawiania pijawek charakteryzuj\u0105 si\u0119 szczeg\u00f3ln\u0105<br \/>r\u00f3\u017cnorodno\u015bci\u0105, dlatego te\u017c dobierane s\u0105 przez hirudoterapeut\u0119 w celu indywidualnego podej\u015bcia do<br \/>pacjenta oraz jego problemu. Przed wykonaniem terapii pijawkowej nale\u017cy wykona\u0107 komplet bada\u0144<br \/>krwi ( 1- 2 tygodnie przed wizyt\u0105 ): CRP, OB., D- DIMERY, MORFOLOGIA, ROZMAZ KRWI.<\/p>\n<p><strong>Wykonuj\u0105:<\/strong><\/p>\n<ul>\n<li><a href=\"https:\/\/wroclawskamanufaktura.pl\/index.php\/jacek-dabrowski\/\">Jacek D\u0105browski<\/a><\/li>\n<li><a href=\"https:\/\/wroclawskamanufaktura.pl\/index.php\/patryk-cieslar\/\">Patryk Cie\u015blar<\/a><\/li>\n<li><a href=\"https:\/\/wroclawskamanufaktura.pl\/index.php\/jakub-korkiewicz\/\">Jakub Korkiewicz<\/a><\/li>\n<\/ul>\n\n\n<p><\/p>\n","protected":false},"excerpt":{"rendered":"<p>Hirudoterapia to wykorzystywanie wydzielin z gruczo\u0142\u00f3w pijawek lekarskich, o miejscowym orazog\u00f3lnoustrojowym dzia\u0142aniu leczniczym. Mo\u017ce by\u0107 skuteczn\u0105 pomoc\u0105 w codziennych problemach zezdrowiem. Wspomaga leczenie chor\u00f3b uk\u0142adu kr\u0105\u017cenia, oddechowego, pokarmowego, moczowegooraz kostno-stawowego. Hirudyna, b\u0119d\u0105ca wydzielin\u0105 pochodz\u0105c\u0105 z gruczo\u0142\u00f3w pijawki lekarskiej, jestbia\u0142kiem o [&hellip;]<\/p>\n","protected":false},"author":1,"featured_media":692,"parent":0,"menu_order":5,"comment_status":"closed","ping_status":"closed","template":"page-templates\/single-service.php","meta":{"om_disable_all_campaigns":false,"_monsterinsights_skip_tracking":false,"_monsterinsights_sitenote_active":false,"_monsterinsights_sitenote_note":"","_monsterinsights_sitenote_category":0,"_uf_show_specific_survey":0,"_uf_disable_surveys":false,"footnotes":""},"class_list":["post-451","page","type-page","status-publish","has-post-thumbnail","hentry","clearfix"],"aioseo_notices":[],"_links":{"self":[{"href":"https:\/\/wroclawskamanufaktura.pl\/index.php\/wp-json\/wp\/v2\/pages\/451","targetHints":{"allow":["GET"]}}],"collection":[{"href":"https:\/\/wroclawskamanufaktura.pl\/index.php\/wp-json\/wp\/v2\/pages"}],"about":[{"href":"https:\/\/wroclawskamanufaktura.pl\/index.php\/wp-json\/wp\/v2\/types\/page"}],"author":[{"embeddable":true,"href":"https:\/\/wroclawskamanufaktura.pl\/index.php\/wp-json\/wp\/v2\/users\/1"}],"replies":[{"embeddable":true,"href":"https:\/\/wroclawskamanufaktura.pl\/index.php\/wp-json\/wp\/v2\/comments?post=451"}],"version-history":[{"count":5,"href":"https:\/\/wroclawskamanufaktura.pl\/index.php\/wp-json\/wp\/v2\/pages\/451\/revisions"}],"predecessor-version":[{"id":927,"href":"https:\/\/wroclawskamanufaktura.pl\/index.php\/wp-json\/wp\/v2\/pages\/451\/revisions\/927"}],"wp:featuredmedia":[{"embeddable":true,"href":"https:\/\/wroclawskamanufaktura.pl\/index.php\/wp-json\/wp\/v2\/media\/692"}],"wp:attachment":[{"href":"https:\/\/wroclawskamanufaktura.pl\/index.php\/wp-json\/wp\/v2\/media?parent=451"}],"curies":[{"name":"wp","href":"https:\/\/api.w.org\/{rel}","templated":true}]}}