{"id":445,"date":"2018-01-30T10:09:47","date_gmt":"2018-01-30T09:09:47","guid":{"rendered":"http:\/\/manufaktura.interapp.pl\/?page_id=445"},"modified":"2026-02-05T13:51:33","modified_gmt":"2026-02-05T12:51:33","slug":"terapia-manualna","status":"publish","type":"page","link":"https:\/\/wroclawskamanufaktura.pl\/index.php\/terapia-manualna\/","title":{"rendered":"TERAPIA MANUALNA"},"content":{"rendered":"<p>Terapia manualna jest jedn\u0105 z metod stosowanych w fizjoterapii do znoszenia patologii organizmu w<br \/>osi\u0105galnym zakresie. Jest metod\u0105 uruchamiaj\u0105c\u0105 naturalny potencja\u0142 leczniczy organizmu i<br \/>stwarzaj\u0105c\u0105 w kr\u00f3tkim czasie mo\u017cliwo\u015bci jego wykorzystania. W pracy z pacjentem stosuje si\u0119<br \/>techniki terapeutyczne oraz diagnostyczne w celu leczenia schorze\u0144 uk\u0142adu ruchu a tak\u017ce eliminacji<br \/>ich przyczyn. W terapii manualnej potencja\u0142 ten zostaje przywracany przy pomocy takich technik jak:<br \/>mobilizacje i manipulacje stawowe, techniki tkanek mi\u0119kkich, terapia wisceralna, techniki<br \/>narz\u0119dziowe. Szeroki zakres stosowanych technik pozwala na indywidualne podej\u015bcie do ka\u017cdego<br \/>pacjenta oraz efektywn\u0105 prac\u0119 z wyst\u0119puj\u0105cymi schorzeniami.<\/p>\n<p><strong>Wkonuj\u0105:<\/strong><\/p>\n<ul>\n<li><a href=\"https:\/\/wroclawskamanufaktura.pl\/index.php\/jacek-dabrowski\/\">Jacek D\u0105browski<\/a><\/li>\n<li><a href=\"https:\/\/wroclawskamanufaktura.pl\/index.php\/szamanka\/\">Agnieszka Sanecka-D\u0105browska<\/a><\/li>\n<li><a href=\"https:\/\/wroclawskamanufaktura.pl\/index.php\/patryk-cieslar\/\">Patryk Cie\u015blar<\/a><\/li>\n<li><a href=\"https:\/\/wroclawskamanufaktura.pl\/index.php\/jakub-korkiewicz\/\">Jakub Korkiewicz<\/a><\/li>\n<li><a href=\"https:\/\/wroclawskamanufaktura.pl\/index.php\/michal-jamrozinski\/\">Micha\u0142 Jamrozi\u0144ski<\/a><\/li>\n<\/ul>\n\n\n<p><\/p>\n","protected":false},"excerpt":{"rendered":"<p>Terapia manualna jest jedn\u0105 z metod stosowanych w fizjoterapii do znoszenia patologii organizmu wosi\u0105galnym zakresie. Jest metod\u0105 uruchamiaj\u0105c\u0105 naturalny potencja\u0142 leczniczy organizmu istwarzaj\u0105c\u0105 w kr\u00f3tkim czasie mo\u017cliwo\u015bci jego wykorzystania. W pracy z pacjentem stosuje si\u0119techniki terapeutyczne oraz diagnostyczne w celu [&hellip;]<\/p>\n","protected":false},"author":1,"featured_media":693,"parent":0,"menu_order":1,"comment_status":"closed","ping_status":"closed","template":"page-templates\/single-service.php","meta":{"om_disable_all_campaigns":false,"_monsterinsights_skip_tracking":false,"_monsterinsights_sitenote_active":false,"_monsterinsights_sitenote_note":"","_monsterinsights_sitenote_category":0,"_uf_show_specific_survey":0,"_uf_disable_surveys":false,"footnotes":""},"class_list":["post-445","page","type-page","status-publish","has-post-thumbnail","hentry","clearfix"],"aioseo_notices":[],"_links":{"self":[{"href":"https:\/\/wroclawskamanufaktura.pl\/index.php\/wp-json\/wp\/v2\/pages\/445","targetHints":{"allow":["GET"]}}],"collection":[{"href":"https:\/\/wroclawskamanufaktura.pl\/index.php\/wp-json\/wp\/v2\/pages"}],"about":[{"href":"https:\/\/wroclawskamanufaktura.pl\/index.php\/wp-json\/wp\/v2\/types\/page"}],"author":[{"embeddable":true,"href":"https:\/\/wroclawskamanufaktura.pl\/index.php\/wp-json\/wp\/v2\/users\/1"}],"replies":[{"embeddable":true,"href":"https:\/\/wroclawskamanufaktura.pl\/index.php\/wp-json\/wp\/v2\/comments?post=445"}],"version-history":[{"count":4,"href":"https:\/\/wroclawskamanufaktura.pl\/index.php\/wp-json\/wp\/v2\/pages\/445\/revisions"}],"predecessor-version":[{"id":921,"href":"https:\/\/wroclawskamanufaktura.pl\/index.php\/wp-json\/wp\/v2\/pages\/445\/revisions\/921"}],"wp:featuredmedia":[{"embeddable":true,"href":"https:\/\/wroclawskamanufaktura.pl\/index.php\/wp-json\/wp\/v2\/media\/693"}],"wp:attachment":[{"href":"https:\/\/wroclawskamanufaktura.pl\/index.php\/wp-json\/wp\/v2\/media?parent=445"}],"curies":[{"name":"wp","href":"https:\/\/api.w.org\/{rel}","templated":true}]}}