{"id":1107,"date":"2026-01-20T09:21:26","date_gmt":"2026-01-20T08:21:26","guid":{"rendered":"https:\/\/wroclawskamanufaktura.pl\/?page_id=1107"},"modified":"2026-02-05T13:55:39","modified_gmt":"2026-02-05T12:55:39","slug":"refleksologia-stop-dzieci-z-bajkoterapia","status":"publish","type":"page","link":"https:\/\/wroclawskamanufaktura.pl\/index.php\/refleksologia-stop-dzieci-z-bajkoterapia\/","title":{"rendered":"REFLEKSOLOGIA ST\u00d3P DZIECI Z BAJKOTERAPI\u0104"},"content":{"rendered":"\n<p>Refleksologia st\u00f3p dzieci to naturalna terapia polegaj\u0105ca na stymulowaniu punkt\u00f3w refleksyjnych na stopach odpowiadaj\u0105cym poszczeg\u00f3lnym narz\u0105dom w organizmie. Refleksologia pomaga w przywr\u00f3ceniu r\u00f3wnowagi, \u0142agodzeniu stresu, poprawie kr\u0105\u017cenia i wspomaganiu naturalnych proces\u00f3w samoleczenia cia\u0142a. Delikatne ruchy refleksologiczne \u0142agodz\u0105 napi\u0119cia w okolicach brzucha, przynosz\u0105 ulg\u0119 przy dyskomforcie po jedzeniu, zaparciach i kolkach.<\/p>\n\n\n\n<p>Bajkoterapia to metoda pracy z dzie\u0107mi, kt\u00f3ra \u0142\u0105czy w sobie elementy literatury i terapii. Bajkoterapia wspiera rozw\u00f3j emocjonalny najm\u0142odszych, pomaga im lepiej zrozumie\u0107 siebie i otaczaj\u0105cy \u015bwiat, dodaje dziecku pewno\u015bci siebie oraz pomaga rozwi\u0105zywa\u0107 trudne dla dziecka problemy.( zmiana \u015brodowiska, rozw\u00f3d rodzic\u00f3w, \u015bmier\u0107 w rodzinie, problemy r\u00f3wie\u015bnicze itp.)<\/p>\n\n\n\n<p>Terapia \u0142\u0105cz\u0105ca refleksologi\u0119 z bajkoterapi\u0105 daje bardzo dobre efekty terapeutyczne u ma\u0142ych dzieci.<\/p>\n\n\n\n<p>Przeznaczona jest dla dzieci do lat 8.<\/p>\n\n\n\n<p><strong>Wykonuj\u0105:<\/strong><\/p>\n\n\n\n<ul class=\"wp-block-list\">\n<li><a href=\"https:\/\/wroclawskamanufaktura.pl\/index.php\/anna-tuszynska\/\" title=\"Anna Tuszy\u0144ska\">Anna Tuszy\u0144ska<\/a><\/li>\n<\/ul>\n","protected":false},"excerpt":{"rendered":"<p>Refleksologia st\u00f3p dzieci to naturalna terapia polegaj\u0105ca na stymulowaniu punkt\u00f3w refleksyjnych na stopach odpowiadaj\u0105cym poszczeg\u00f3lnym narz\u0105dom w organizmie. Refleksologia pomaga w przywr\u00f3ceniu r\u00f3wnowagi, \u0142agodzeniu stresu, poprawie kr\u0105\u017cenia i wspomaganiu naturalnych proces\u00f3w samoleczenia cia\u0142a. Delikatne ruchy refleksologiczne \u0142agodz\u0105 napi\u0119cia w okolicach [&hellip;]<\/p>\n","protected":false},"author":2,"featured_media":1108,"parent":0,"menu_order":16,"comment_status":"closed","ping_status":"closed","template":"page-templates\/single-service.php","meta":{"om_disable_all_campaigns":false,"_monsterinsights_skip_tracking":false,"_monsterinsights_sitenote_active":false,"_monsterinsights_sitenote_note":"","_monsterinsights_sitenote_category":0,"_uf_show_specific_survey":0,"_uf_disable_surveys":false,"footnotes":""},"class_list":["post-1107","page","type-page","status-publish","has-post-thumbnail","hentry","clearfix"],"aioseo_notices":[],"_links":{"self":[{"href":"https:\/\/wroclawskamanufaktura.pl\/index.php\/wp-json\/wp\/v2\/pages\/1107","targetHints":{"allow":["GET"]}}],"collection":[{"href":"https:\/\/wroclawskamanufaktura.pl\/index.php\/wp-json\/wp\/v2\/pages"}],"about":[{"href":"https:\/\/wroclawskamanufaktura.pl\/index.php\/wp-json\/wp\/v2\/types\/page"}],"author":[{"embeddable":true,"href":"https:\/\/wroclawskamanufaktura.pl\/index.php\/wp-json\/wp\/v2\/users\/2"}],"replies":[{"embeddable":true,"href":"https:\/\/wroclawskamanufaktura.pl\/index.php\/wp-json\/wp\/v2\/comments?post=1107"}],"version-history":[{"count":1,"href":"https:\/\/wroclawskamanufaktura.pl\/index.php\/wp-json\/wp\/v2\/pages\/1107\/revisions"}],"predecessor-version":[{"id":1109,"href":"https:\/\/wroclawskamanufaktura.pl\/index.php\/wp-json\/wp\/v2\/pages\/1107\/revisions\/1109"}],"wp:featuredmedia":[{"embeddable":true,"href":"https:\/\/wroclawskamanufaktura.pl\/index.php\/wp-json\/wp\/v2\/media\/1108"}],"wp:attachment":[{"href":"https:\/\/wroclawskamanufaktura.pl\/index.php\/wp-json\/wp\/v2\/media?parent=1107"}],"curies":[{"name":"wp","href":"https:\/\/api.w.org\/{rel}","templated":true}]}}