{"id":1104,"date":"2026-01-20T09:15:54","date_gmt":"2026-01-20T08:15:54","guid":{"rendered":"https:\/\/wroclawskamanufaktura.pl\/?page_id=1104"},"modified":"2026-02-05T13:54:55","modified_gmt":"2026-02-05T12:54:55","slug":"kobido-beauty-face-miesniowo-powieziowy-masaz-estetyczny-twarzy","status":"publish","type":"page","link":"https:\/\/wroclawskamanufaktura.pl\/index.php\/kobido-beauty-face-miesniowo-powieziowy-masaz-estetyczny-twarzy\/","title":{"rendered":"KOBIDO BEAUTY FACE &#8211; MI\u0118\u015aNIOWO-POWI\u0118ZIOWY MASA\u017b ESTETYCZNY TWARZY"},"content":{"rendered":"\n<p>KOBIDO Beauty Face mi\u0119\u015bniowo-powi\u0119ziowy masa\u017c estetyczny twarzy.<\/p>\n\n\n\n<ul class=\"wp-block-list\">\n<li>redukuje zmarszczki,<\/li>\n<\/ul>\n\n\n\n<ul class=\"wp-block-list\">\n<li>modeluje owal twarzy,<\/li>\n<\/ul>\n\n\n\n<ul class=\"wp-block-list\">\n<li>zwi\u0119ksza elastyczno\u015b\u0107 sk\u00f3ry,<\/li>\n<\/ul>\n\n\n\n<ul class=\"wp-block-list\">\n<li>poprawia jej j\u0119drno\u015b\u0107 i g\u0142adko\u015b\u0107,<\/li>\n<\/ul>\n\n\n\n<ul class=\"wp-block-list\">\n<li>dzia\u0142a relaksuj\u0105co \u2013 uwalnia napi\u0119cia i stres, co pozytywnie wp\u0142ywa na samopoczucie psychiczne.<\/li>\n<\/ul>\n\n\n\n<p>KOBIDO Beauty Face to wi\u0119cej ni\u017c podstawowy masa\u017c KOBIDO, to po\u0142\u0105czenie wielu technik masa\u017cu daj\u0105ce spektakularne efekty. Intensywna praca manualna przynosi natychmiastowe efekty, takie jak sp\u0142ycenie zmarszczek, korekta rys\u00f3w twarzy, uj\u0119drnienie i poprawa kolorytu sk\u00f3ry twarzy, szyi i dekoltu. G\u0142\u0119boki relaks oraz estetyczny taping stosowany po masa\u017cu wzmacnia efekty terapii.<\/p>\n\n\n\n<p><strong>Wykonuj\u0105:<\/strong><\/p>\n\n\n\n<ul class=\"wp-block-list\">\n<li><a href=\"https:\/\/wroclawskamanufaktura.pl\/index.php\/anna-tuszynska\/\" title=\"Anna Tuszy\u0144ska\">Anna Tuszy\u0144ska<\/a><\/li>\n<\/ul>\n\n\n\n<p><\/p>\n","protected":false},"excerpt":{"rendered":"<p>KOBIDO Beauty Face mi\u0119\u015bniowo-powi\u0119ziowy masa\u017c estetyczny twarzy. KOBIDO Beauty Face to wi\u0119cej ni\u017c podstawowy masa\u017c KOBIDO, to po\u0142\u0105czenie wielu technik masa\u017cu daj\u0105ce spektakularne efekty. Intensywna praca manualna przynosi natychmiastowe efekty, takie jak sp\u0142ycenie zmarszczek, korekta rys\u00f3w twarzy, uj\u0119drnienie i poprawa [&hellip;]<\/p>\n","protected":false},"author":2,"featured_media":1105,"parent":0,"menu_order":15,"comment_status":"closed","ping_status":"closed","template":"page-templates\/single-service.php","meta":{"om_disable_all_campaigns":false,"_monsterinsights_skip_tracking":false,"_monsterinsights_sitenote_active":false,"_monsterinsights_sitenote_note":"","_monsterinsights_sitenote_category":0,"_uf_show_specific_survey":0,"_uf_disable_surveys":false,"footnotes":""},"class_list":["post-1104","page","type-page","status-publish","has-post-thumbnail","hentry","clearfix"],"aioseo_notices":[],"_links":{"self":[{"href":"https:\/\/wroclawskamanufaktura.pl\/index.php\/wp-json\/wp\/v2\/pages\/1104","targetHints":{"allow":["GET"]}}],"collection":[{"href":"https:\/\/wroclawskamanufaktura.pl\/index.php\/wp-json\/wp\/v2\/pages"}],"about":[{"href":"https:\/\/wroclawskamanufaktura.pl\/index.php\/wp-json\/wp\/v2\/types\/page"}],"author":[{"embeddable":true,"href":"https:\/\/wroclawskamanufaktura.pl\/index.php\/wp-json\/wp\/v2\/users\/2"}],"replies":[{"embeddable":true,"href":"https:\/\/wroclawskamanufaktura.pl\/index.php\/wp-json\/wp\/v2\/comments?post=1104"}],"version-history":[{"count":1,"href":"https:\/\/wroclawskamanufaktura.pl\/index.php\/wp-json\/wp\/v2\/pages\/1104\/revisions"}],"predecessor-version":[{"id":1106,"href":"https:\/\/wroclawskamanufaktura.pl\/index.php\/wp-json\/wp\/v2\/pages\/1104\/revisions\/1106"}],"wp:featuredmedia":[{"embeddable":true,"href":"https:\/\/wroclawskamanufaktura.pl\/index.php\/wp-json\/wp\/v2\/media\/1105"}],"wp:attachment":[{"href":"https:\/\/wroclawskamanufaktura.pl\/index.php\/wp-json\/wp\/v2\/media?parent=1104"}],"curies":[{"name":"wp","href":"https:\/\/api.w.org\/{rel}","templated":true}]}}