{"id":1092,"date":"2026-01-08T18:06:40","date_gmt":"2026-01-08T17:06:40","guid":{"rendered":"https:\/\/wroclawskamanufaktura.pl\/?page_id=1092"},"modified":"2026-02-05T13:54:19","modified_gmt":"2026-02-05T12:54:19","slug":"natalia-wdowiak","status":"publish","type":"page","link":"https:\/\/wroclawskamanufaktura.pl\/index.php\/natalia-wdowiak\/","title":{"rendered":"Natalia Wdowiak"},"content":{"rendered":"\n<p>Jestem studentk\u0105 kosmetologii, z pasj\u0105 zg\u0142\u0119biaj\u0105c\u0105 tajniki naturalnego stylu \u017cycia i utrzymania urody. Fascynuje mnie harmonia mi\u0119dzy zdrowiem a urod\u0105, dlatego ch\u0119tnie dziel\u0119 si\u0119 swoj\u0105 wiedz\u0105 o najnowszych trendach w kosmetologii i zdrowym stylu \u017cycia. Aktywnie uprawiam sport, co pozwala mi harmonijnie \u0142\u0105czy\u0107 cia\u0142o i ducha. W moim \u015bwiecie zdrowie i pi\u0119kno id\u0105 w parze, a ka\u017cda nowinka ze \u015bwiata urodowych inspiracji staje si\u0119 dla mnie \u017ar\u00f3d\u0142em motywacji i rado\u015bci<\/p>\n\n\n\n<div class=\"wp-block-buttons is-content-justification-left is-layout-flex wp-container-core-buttons-is-layout-fdcfc74e wp-block-buttons-is-layout-flex\">\n<div class=\"wp-block-button\"><a class=\"wp-block-button__link wp-element-button\" href=\"https:\/\/booksy.com\/pl-pl\/233617_wroclawska-manufaktura-zdrowia-fizjoterapia-i-naturopatia_fizjoterapia_13750_wroclaw\/staffer\/756507#ba_s=dl_1\">Um\u00f3w si\u0119 na wizyt\u0119<\/a><\/div>\n<\/div>\n","protected":false},"excerpt":{"rendered":"<p>Jestem studentk\u0105 kosmetologii, z pasj\u0105 zg\u0142\u0119biaj\u0105c\u0105 tajniki naturalnego stylu \u017cycia i utrzymania urody. Fascynuje mnie harmonia mi\u0119dzy zdrowiem a urod\u0105, dlatego ch\u0119tnie dziel\u0119 si\u0119 swoj\u0105 wiedz\u0105 o najnowszych trendach w kosmetologii i zdrowym stylu \u017cycia. Aktywnie uprawiam sport, co pozwala [&hellip;]<\/p>\n","protected":false},"author":2,"featured_media":1093,"parent":0,"menu_order":9,"comment_status":"closed","ping_status":"closed","template":"page-templates\/single-employee.php","meta":{"om_disable_all_campaigns":false,"_monsterinsights_skip_tracking":false,"_monsterinsights_sitenote_active":false,"_monsterinsights_sitenote_note":"","_monsterinsights_sitenote_category":0,"_uf_show_specific_survey":0,"_uf_disable_surveys":false,"footnotes":""},"class_list":["post-1092","page","type-page","status-publish","has-post-thumbnail","hentry","clearfix"],"aioseo_notices":[],"_links":{"self":[{"href":"https:\/\/wroclawskamanufaktura.pl\/index.php\/wp-json\/wp\/v2\/pages\/1092","targetHints":{"allow":["GET"]}}],"collection":[{"href":"https:\/\/wroclawskamanufaktura.pl\/index.php\/wp-json\/wp\/v2\/pages"}],"about":[{"href":"https:\/\/wroclawskamanufaktura.pl\/index.php\/wp-json\/wp\/v2\/types\/page"}],"author":[{"embeddable":true,"href":"https:\/\/wroclawskamanufaktura.pl\/index.php\/wp-json\/wp\/v2\/users\/2"}],"replies":[{"embeddable":true,"href":"https:\/\/wroclawskamanufaktura.pl\/index.php\/wp-json\/wp\/v2\/comments?post=1092"}],"version-history":[{"count":2,"href":"https:\/\/wroclawskamanufaktura.pl\/index.php\/wp-json\/wp\/v2\/pages\/1092\/revisions"}],"predecessor-version":[{"id":1095,"href":"https:\/\/wroclawskamanufaktura.pl\/index.php\/wp-json\/wp\/v2\/pages\/1092\/revisions\/1095"}],"wp:featuredmedia":[{"embeddable":true,"href":"https:\/\/wroclawskamanufaktura.pl\/index.php\/wp-json\/wp\/v2\/media\/1093"}],"wp:attachment":[{"href":"https:\/\/wroclawskamanufaktura.pl\/index.php\/wp-json\/wp\/v2\/media?parent=1092"}],"curies":[{"name":"wp","href":"https:\/\/api.w.org\/{rel}","templated":true}]}}